{"id":606,"date":"2016-09-13T15:08:40","date_gmt":"2016-09-13T19:08:40","guid":{"rendered":"http:\/\/simon.wps.dev\/fr\/about-dominion-lending-centres\/"},"modified":"2017-01-14T22:50:07","modified_gmt":"2017-01-15T03:50:07","slug":"about-dominion-lending-centres","status":"publish","type":"page","link":"https:\/\/ozamortgage.com\/fr\/about\/about-dominion-lending-centres\/","title":{"rendered":"\u00c0 PROPOS DES CENTRES HYPOTH\u00c9CAIRES DOMINION"},"content":{"rendered":"<blockquote><p>Gr\u00e2ce \u00e0 notre acc\u00e8s \u00e0 plus d\u2019une quinzaine de pr\u00eateurs, y compris les grandes banques, les coop\u00e9ratives de cr\u00e9dits et les compagnies fiduciaires, nos courtiers hypoth\u00e9caires sont familiaris\u00e9s avec une vaste gamme de produits hypoth\u00e9caires disponibles, allant des programmes d\u2019achat de premi\u00e8res maisons, au financement des travailleurs autonomes, en passant par ceux au cr\u00e9dit en mauvaise posture. <\/p><\/blockquote>\n<p> Et mieux encore, les courtiers hypoth\u00e9caires des Centres hypoth\u00e9caires Dominion travaillent pour vous seulement. Ils veulent s\u2019assurer que vous obtenez les meilleurs taux et produits sur le march\u00e9. Les Centres hypoth\u00e9caires Dominion vous offrent une vari\u00e9t\u00e9 de produits hypoth\u00e9caires disponibles pour r\u00e9pondre \u00e0 vos besoins, tels que : acheter une premi\u00e8re maison, acheter une plus grande propri\u00e9t\u00e9, renouveler votre pr\u00eat hypoth\u00e9caire existant, refinancer votre hypoth\u00e8que pour lib\u00e9rer de l\u2019\u00e9quit\u00e9, acheter des propri\u00e9t\u00e9s d\u2019investissement, acheter un chalet ou louer de l\u2019\u00e9quipement pour votre entreprise. Nos courtiers hypoth\u00e9caires sont des experts dans leur domaine et plusieurs d\u2019entre eux sont class\u00e9s parmi les meilleurs au Canada. Nous avons d\u00e9marr\u00e9 notre firme de courtage en janvier 2006 et avons \u00e9t\u00e9 nomm\u00e9s \u00ab Meilleure recrue \u00bb (pour une soci\u00e9t\u00e9 de courtage hypoth\u00e9caire) au Gala prestigieux de la \u00ab CMP, Canadian Mortgage Awards \u00bb en 2008 (le Gala des Oscars dans l\u2019industrie hypoth\u00e9caire). Au m\u00eame gala, en 2009, nous avons \u00e9t\u00e9 nomm\u00e9s \u00ab Meilleure marque \u00bb, pour y ajouter les titres de \u00ab Meilleure maison de courtage de l\u2019ann\u00e9e \u00bb et \u00ab Meilleure publicit\u00e9 \u00bb. En 2011, nous avons obtenu \u00ab Meilleure publicit\u00e9 \u00bb, tout comme en 2012, o\u00f9 nous avons ajout\u00e9 \u00ab R\u00e9seaux de courtiers de l\u2019ann\u00e9e \u00bb et \u00ab Meilleure marque \u00bb. Les Centres hypoth\u00e9caires Dominion sont \u00e9galement fiers d\u2019\u00eatre au 32e rang du classement des 200 entreprises ayant connu la croissance la plus rapide au Canada, produit par PROFIT Magazine. En classant les compagnies ayant la plus grande croissance au Canada par la croissance du revenu \u00e0 chaque cinq ans, PROFIT 200 est la plus grande c\u00e9l\u00e9bration canadienne de la r\u00e9ussite d\u2019entreprise. En 2009 et en 2010, les Centres hypoth\u00e9caires Dominion ont \u00e9galement h\u00e9rit\u00e9 de positions dans le classement PROFIT HOT 50 des compagnies canadiennes \u00e9mergentes. Le classement PROFIT HOT 50 classe les 50 plus grandes compagnies \u00e9mergentes du Canada sur un revenu de deux ans. Les courtiers hypoth\u00e9caires des Centres hypoth\u00e9caires Dominion sont disponibles en tout temps, n\u2019importe o\u00f9, que ce soit en soir\u00e9e ou la fin de semaine. Nous viendrons m\u00eame vous voir! <\/p>\n","protected":false},"excerpt":{"rendered":"<p>Les Centres hypoth\u00e9caires Dominion sont une soci\u00e9t\u00e9 de courtage hypoth\u00e9caire et de cr\u00e9dit-bail nationale avec plus de 2300 membres qui vous offrent gratuitement des conseils d\u2019experts, et ce, partout au Canada. Nous d\u00e9sirons enlever tous les tracas li\u00e9s au processus d\u2019obtention de l\u2019hypoth\u00e8que tout en simplifiant votre vie.<\/p>\n","protected":false},"author":1,"featured_media":533,"parent":626,"menu_order":0,"comment_status":"closed","ping_status":"closed","template":"","meta":[],"yoast_head":"<!-- This site is optimized with the Yoast SEO plugin v17.1 - https:\/\/yoast.com\/wordpress\/plugins\/seo\/ -->\n<meta name=\"robots\" content=\"index, follow, max-snippet:-1, max-image-preview:large, max-video-preview:-1\" \/>\n<link rel=\"canonical\" href=\"https:\/\/ozamortgage.com\/fr\/about\/about-dominion-lending-centres\/\" \/>\n<meta property=\"og:locale\" content=\"fr_FR\" \/>\n<meta property=\"og:type\" content=\"article\" \/>\n<meta property=\"og:title\" content=\"\u00c0 PROPOS DES CENTRES HYPOTH\u00c9CAIRES DOMINION - Centres Hypoth\u00e9caires Dominion\" \/>\n<meta property=\"og:description\" content=\"Les Centres hypoth\u00e9caires Dominion sont une soci\u00e9t\u00e9 de courtage hypoth\u00e9caire et de cr\u00e9dit-bail nationale avec plus de 2300 membres qui vous offrent gratuitement des conseils d\u2019experts, et ce, partout au Canada. Nous d\u00e9sirons enlever tous les tracas li\u00e9s au processus d\u2019obtention de l\u2019hypoth\u00e8que tout en simplifiant votre vie.\" \/>\n<meta property=\"og:url\" content=\"https:\/\/ozamortgage.com\/fr\/about\/about-dominion-lending-centres\/\" \/>\n<meta property=\"og:site_name\" content=\"Centres Hypoth\u00e9caires Dominion\" \/>\n<meta property=\"article:modified_time\" content=\"2017-01-15T03:50:07+00:00\" \/>\n<meta property=\"og:image\" content=\"https:\/\/ozamortgage.com\/wp-content\/uploads\/2016\/09\/company-overview.jpg\" \/>\n\t<meta property=\"og:image:width\" content=\"1200\" \/>\n\t<meta property=\"og:image:height\" content=\"611\" \/>\n<meta name=\"twitter:card\" content=\"summary\" \/>\n<meta name=\"twitter:label1\" content=\"Dur\u00e9e de lecture est.\" \/>\n\t<meta name=\"twitter:data1\" content=\"2 minutes\" \/>\n<script type=\"application\/ld+json\" class=\"yoast-schema-graph\">{\"@context\":\"https:\/\/schema.org\",\"@graph\":[{\"@type\":\"WebSite\",\"@id\":\"https:\/\/ozamortgage.com\/#website\",\"url\":\"https:\/\/ozamortgage.com\/\",\"name\":\"Centres Hypoth\\u00e9caires Dominion\",\"description\":\"Just another WordPress site\",\"potentialAction\":[{\"@type\":\"SearchAction\",\"target\":{\"@type\":\"EntryPoint\",\"urlTemplate\":\"https:\/\/ozamortgage.com\/?s={search_term_string}\"},\"query-input\":\"required name=search_term_string\"}],\"inLanguage\":\"fr-FR\"},{\"@type\":\"ImageObject\",\"@id\":\"https:\/\/ozamortgage.com\/fr\/about\/about-dominion-lending-centres\/#primaryimage\",\"inLanguage\":\"fr-FR\",\"url\":\"https:\/\/ozamortgage.com\/wp-content\/uploads\/2016\/09\/company-overview.jpg\",\"contentUrl\":\"https:\/\/ozamortgage.com\/wp-content\/uploads\/2016\/09\/company-overview.jpg\",\"width\":1200,\"height\":611},{\"@type\":\"WebPage\",\"@id\":\"https:\/\/ozamortgage.com\/fr\/about\/about-dominion-lending-centres\/#webpage\",\"url\":\"https:\/\/ozamortgage.com\/fr\/about\/about-dominion-lending-centres\/\",\"name\":\"\\u00c0 PROPOS DES CENTRES HYPOTH\\u00c9CAIRES DOMINION - Centres Hypoth\\u00e9caires Dominion\",\"isPartOf\":{\"@id\":\"https:\/\/ozamortgage.com\/#website\"},\"primaryImageOfPage\":{\"@id\":\"https:\/\/ozamortgage.com\/fr\/about\/about-dominion-lending-centres\/#primaryimage\"},\"datePublished\":\"2016-09-13T19:08:40+00:00\",\"dateModified\":\"2017-01-15T03:50:07+00:00\",\"breadcrumb\":{\"@id\":\"https:\/\/ozamortgage.com\/fr\/about\/about-dominion-lending-centres\/#breadcrumb\"},\"inLanguage\":\"fr-FR\",\"potentialAction\":[{\"@type\":\"ReadAction\",\"target\":[\"https:\/\/ozamortgage.com\/fr\/about\/about-dominion-lending-centres\/\"]}]},{\"@type\":\"BreadcrumbList\",\"@id\":\"https:\/\/ozamortgage.com\/fr\/about\/about-dominion-lending-centres\/#breadcrumb\",\"itemListElement\":[{\"@type\":\"ListItem\",\"position\":1,\"name\":\"Home\",\"item\":\"https:\/\/ozamortgage.com\/fr\/\"},{\"@type\":\"ListItem\",\"position\":2,\"name\":\"Master About\",\"item\":\"https:\/\/ozamortgage.com\/fr\/about\/\"},{\"@type\":\"ListItem\",\"position\":3,\"name\":\"\\u00c0 PROPOS DES CENTRES HYPOTH\\u00c9CAIRES DOMINION\"}]}]}<\/script>\n<!-- \/ Yoast SEO plugin. -->","yoast_head_json":{"robots":{"index":"index","follow":"follow","max-snippet":"max-snippet:-1","max-image-preview":"max-image-preview:large","max-video-preview":"max-video-preview:-1"},"canonical":"https:\/\/ozamortgage.com\/fr\/about\/about-dominion-lending-centres\/","og_locale":"fr_FR","og_type":"article","og_title":"\u00c0 PROPOS DES CENTRES HYPOTH\u00c9CAIRES DOMINION - Centres Hypoth\u00e9caires Dominion","og_description":"Les Centres hypoth\u00e9caires Dominion sont une soci\u00e9t\u00e9 de courtage hypoth\u00e9caire et de cr\u00e9dit-bail nationale avec plus de 2300 membres qui vous offrent gratuitement des conseils d\u2019experts, et ce, partout au Canada. Nous d\u00e9sirons enlever tous les tracas li\u00e9s au processus d\u2019obtention de l\u2019hypoth\u00e8que tout en simplifiant votre vie.","og_url":"https:\/\/ozamortgage.com\/fr\/about\/about-dominion-lending-centres\/","og_site_name":"Centres Hypoth\u00e9caires Dominion","article_modified_time":"2017-01-15T03:50:07+00:00","og_image":[{"width":1200,"height":611,"url":"https:\/\/ozamortgage.com\/wp-content\/uploads\/2016\/09\/company-overview.jpg","path":"\/var\/www\/sites\/wps\/sites\/code\/wp-content\/uploads\/2016\/09\/company-overview.jpg","size":"full","id":533,"alt":"","pixels":733200,"type":"image\/jpeg"}],"twitter_card":"summary","twitter_misc":{"Dur\u00e9e de lecture est.":"2 minutes"},"schema":{"@context":"https:\/\/schema.org","@graph":[{"@type":"WebSite","@id":"https:\/\/ozamortgage.com\/#website","url":"https:\/\/ozamortgage.com\/","name":"Centres Hypoth\u00e9caires Dominion","description":"Just another WordPress site","potentialAction":[{"@type":"SearchAction","target":{"@type":"EntryPoint","urlTemplate":"https:\/\/ozamortgage.com\/?s={search_term_string}"},"query-input":"required name=search_term_string"}],"inLanguage":"fr-FR"},{"@type":"ImageObject","@id":"https:\/\/ozamortgage.com\/fr\/about\/about-dominion-lending-centres\/#primaryimage","inLanguage":"fr-FR","url":"https:\/\/ozamortgage.com\/wp-content\/uploads\/2016\/09\/company-overview.jpg","contentUrl":"https:\/\/ozamortgage.com\/wp-content\/uploads\/2016\/09\/company-overview.jpg","width":1200,"height":611},{"@type":"WebPage","@id":"https:\/\/ozamortgage.com\/fr\/about\/about-dominion-lending-centres\/#webpage","url":"https:\/\/ozamortgage.com\/fr\/about\/about-dominion-lending-centres\/","name":"\u00c0 PROPOS DES CENTRES HYPOTH\u00c9CAIRES DOMINION - Centres Hypoth\u00e9caires Dominion","isPartOf":{"@id":"https:\/\/ozamortgage.com\/#website"},"primaryImageOfPage":{"@id":"https:\/\/ozamortgage.com\/fr\/about\/about-dominion-lending-centres\/#primaryimage"},"datePublished":"2016-09-13T19:08:40+00:00","dateModified":"2017-01-15T03:50:07+00:00","breadcrumb":{"@id":"https:\/\/ozamortgage.com\/fr\/about\/about-dominion-lending-centres\/#breadcrumb"},"inLanguage":"fr-FR","potentialAction":[{"@type":"ReadAction","target":["https:\/\/ozamortgage.com\/fr\/about\/about-dominion-lending-centres\/"]}]},{"@type":"BreadcrumbList","@id":"https:\/\/ozamortgage.com\/fr\/about\/about-dominion-lending-centres\/#breadcrumb","itemListElement":[{"@type":"ListItem","position":1,"name":"Home","item":"https:\/\/ozamortgage.com\/fr\/"},{"@type":"ListItem","position":2,"name":"Master About","item":"https:\/\/ozamortgage.com\/fr\/about\/"},{"@type":"ListItem","position":3,"name":"\u00c0 PROPOS DES CENTRES HYPOTH\u00c9CAIRES DOMINION"}]}]}},"_links":{"self":[{"href":"https:\/\/ozamortgage.com\/fr\/wp-json\/wp\/v2\/pages\/606"}],"collection":[{"href":"https:\/\/ozamortgage.com\/fr\/wp-json\/wp\/v2\/pages"}],"about":[{"href":"https:\/\/ozamortgage.com\/fr\/wp-json\/wp\/v2\/types\/page"}],"author":[{"embeddable":true,"href":"https:\/\/ozamortgage.com\/fr\/wp-json\/wp\/v2\/users\/1"}],"replies":[{"embeddable":true,"href":"https:\/\/ozamortgage.com\/fr\/wp-json\/wp\/v2\/comments?post=606"}],"version-history":[{"count":9,"href":"https:\/\/ozamortgage.com\/fr\/wp-json\/wp\/v2\/pages\/606\/revisions"}],"predecessor-version":[{"id":884,"href":"https:\/\/ozamortgage.com\/fr\/wp-json\/wp\/v2\/pages\/606\/revisions\/884"}],"up":[{"embeddable":true,"href":"https:\/\/ozamortgage.com\/fr\/wp-json\/wp\/v2\/pages\/626"}],"wp:featuredmedia":[{"embeddable":true,"href":"https:\/\/ozamortgage.com\/fr\/wp-json\/wp\/v2\/media\/533"}],"wp:attachment":[{"href":"https:\/\/ozamortgage.com\/fr\/wp-json\/wp\/v2\/media?parent=606"}],"curies":[{"name":"wp","href":"https:\/\/api.w.org\/{rel}","templated":true}]}}